{"id":746,"date":"2026-03-02T19:54:45","date_gmt":"2026-03-02T18:54:45","guid":{"rendered":"https:\/\/store.gamestrategies.io\/producto\/serious-games-catalog-admin\/"},"modified":"2026-03-24T08:54:57","modified_gmt":"2026-03-24T07:54:57","slug":"serious-games-catalog-admin","status":"publish","type":"product","link":"https:\/\/store.gamestrategies.io\/es\/producto\/serious-games-catalog-admin\/","title":{"rendered":"Serious Games Catalog + Admin"},"content":{"rendered":"<div>Impulsa tus habilidades con la plataforma de game-based learning m\u00e1s premiada del mundo. Transforma la formaci\u00f3n de tu equipo \u2014o tu propio desarrollo profesional\u2014 con Campus. Dise\u00f1ado para pymes y profesionales independientes, este modelo de suscripci\u00f3n anual te da acceso plug-and-play a m\u00e1s de <strong>65 serious games inmersivos<\/strong>. Di adi\u00f3s a los PDFs aburridos y hola a simuladores interactivos en los que aprendes tomando decisiones basadas en situaciones reales.<\/div>\n<div><\/div>\n<div>\u00bfEres freelance? Al finalizar cada curso, recibir\u00e1s un certificado oficial que podr\u00e1s a\u00f1adir f\u00e1cilmente a tu perfil de LinkedIn para demostrar tus nuevas habilidades ante clientes y socios.<\/div>\n<div><\/div>\n<div>Qu\u00e9 incluye tu suscripci\u00f3n de 1 a\u00f1o:<\/div>\n<div>\u2022Acceso total: <strong>Entrada ilimitada<\/strong> a todo el cat\u00e1logo de videojuegos formativos durante 12 meses.<\/div>\n<div>\u2022Panel de administraci\u00f3n: <strong>Gestiona usuarios<\/strong>, asigna cursos y haz seguimiento del progreso en tiempo real (ideal para responsables de equipo).<\/div>\n<div>\u2022Soporte: <strong>Incluye soporte<\/strong> v\u00eda ticket directo.<\/div>\n<div>\u2022Bonus para equipos: 1 sesi\u00f3n de Onboarding incluida para compras de 30+ licencias.<\/div>\n<div>\u2022Mejora opcional: Customer Success Support (20 \u20ac\/licencia\/mes durante 12 meses, m\u00ednimo 30 licencias) para ayudarte a dise\u00f1ar itinerarios formativos personalizados.<\/div>\n<div><\/div>\n<div><strong>Habilidades<\/strong> que dominar\u00e1s (highlights de nuestro cat\u00e1logo):<\/div>\n<div>En lugar de limitarte a leer teor\u00eda, practicar\u00e1s en entornos virtuales seguros. Nuestro cat\u00e1logo cubre \u00e1reas esenciales de negocio:<\/div>\n<div>\u2022<strong>Liderazgo<\/strong> esencial y <strong>gesti\u00f3n de personas<\/strong>:\u2028Pacific (Leadership &amp; Team Management), Stellar (Remote leadership), Sahara (Effective task delegation), Titan (Team motivation), Aqua (Feedback), Echo (Coaching).<\/div>\n<div>\u2022<strong>Productividad<\/strong> y m\u00e9todos \u00e1giles:\u2028Triskelion (Productivity and Time Management), Agile (Agile philosophy), Scrum (Scrum framework), Silver (Goal setting), Tiki (Effective meetings).<\/div>\n<div>\u2022<strong>Ventas, influencia y networking<\/strong>:\u2028Merchants (Negotiation and deal closing), Lumi\u00e8re 1, 2 &amp; 3 (Sales prospecting &amp; Social Media), Chocolate (Influence and persuasion), Link 1\u20134 (Networking &amp; Personal branding), 2100 (Customer service).<\/div>\n<div>\u2022<strong>Comunicaci\u00f3n<\/strong> y <strong>trabajo en equipo<\/strong>:\u2028Babel (Interpersonal Communication), Shaka (Active listening), Kaos (Conflict resolution), Exit (Teamwork), Elections 1, 2 &amp; 3 (Public speaking &amp; Presentations).<\/div>\n<div>\u2022<strong>Salud, bienestar e inteligencia emocional<\/strong>:\u2028Dex (Emotional intelligence), Chai (Stress management), Happy (The keys to happiness), Larus (Healthy lifestyle), Lotus (Resilience).<\/div>\n<div>\u2022<strong>Cultura, compliance e IA<\/strong>:\u2028Terra 1 &amp; 2 (Sustainability and SDGs), Plural (Diversity), Crypt0 (Cybersecurity), The Office (Occupational Risk Prevention), Innowear (Artificial Intelligence).<\/div>\n<div><\/div>\n<div><strong>Datos clave:<\/strong><\/div>\n<div>\u2022<strong>Duraci\u00f3n<\/strong>: <strong>m\u00e1s de 90 horas<\/strong> de contenido formativo interactivo.<\/div>\n<div>\u2022<strong>Formato<\/strong>: <strong>100% online<\/strong>, multidispositivo (PC, tablet, m\u00f3vil) y sin necesidad de instalaci\u00f3n.<\/div>\n<div>\u2022<strong>Idiomas<\/strong>: <strong>ingl\u00e9s<\/strong>, <strong>franc\u00e9s<\/strong> y <strong>espa\u00f1ol<\/strong> (algunos cursos incluyen idiomas adicionales).<\/div>\n","protected":false},"excerpt":{"rendered":"<p>Impulsa tus habilidades con la plataforma de game-based learning m\u00e1s premiada del mundo. Transforma la formaci\u00f3n de tu equipo \u2014o tu propio desarrollo profesional\u2014 con Campus. Dise\u00f1ado para pymes y profesionales independientes, este modelo de suscripci\u00f3n anual te da acceso plug-and-play a m\u00e1s de <strong>65 serious games inmersivos<\/strong>. Di adi\u00f3s a los PDFs aburridos y hola a simuladores interactivos en los que aprendes tomando decisiones basadas en situaciones reales.<\/p>\n<div><strong>Datos clave:<\/strong><\/div>\n<div>\u2022<strong>Duraci\u00f3n<\/strong>: <strong>m\u00e1s de 90 horas<\/strong> de contenido formativo interactivo.<\/div>\n<div>\u2022<strong>Formato<\/strong>: <strong>100% online<\/strong>, multidispositivo (PC, tablet, m\u00f3vil) y sin necesidad de instalaci\u00f3n.<\/div>\n<div>\u2022<strong>Idiomas<\/strong>: <strong>ingl\u00e9s<\/strong>, <strong>franc\u00e9s<\/strong> y <strong>espa\u00f1ol<\/strong> (algunos cursos incluyen idiomas adicionales).<\/div>\n","protected":false},"featured_media":748,"comment_status":"open","ping_status":"closed","template":"","meta":[],"product_brand":[],"product_cat":[37],"product_tag":[],"class_list":{"0":"post-746","1":"product","2":"type-product","3":"status-publish","4":"has-post-thumbnail","6":"product_cat-solution","8":"first","9":"instock","10":"virtual","11":"taxable","12":"purchasable","13":"product-type-simple"},"_links":{"self":[{"href":"https:\/\/store.gamestrategies.io\/es\/wp-json\/wp\/v2\/product\/746","targetHints":{"allow":["GET"]}}],"collection":[{"href":"https:\/\/store.gamestrategies.io\/es\/wp-json\/wp\/v2\/product"}],"about":[{"href":"https:\/\/store.gamestrategies.io\/es\/wp-json\/wp\/v2\/types\/product"}],"replies":[{"embeddable":true,"href":"https:\/\/store.gamestrategies.io\/es\/wp-json\/wp\/v2\/comments?post=746"}],"wp:featuredmedia":[{"embeddable":true,"href":"https:\/\/store.gamestrategies.io\/es\/wp-json\/wp\/v2\/media\/748"}],"wp:attachment":[{"href":"https:\/\/store.gamestrategies.io\/es\/wp-json\/wp\/v2\/media?parent=746"}],"wp:term":[{"taxonomy":"product_brand","embeddable":true,"href":"https:\/\/store.gamestrategies.io\/es\/wp-json\/wp\/v2\/product_brand?post=746"},{"taxonomy":"product_cat","embeddable":true,"href":"https:\/\/store.gamestrategies.io\/es\/wp-json\/wp\/v2\/product_cat?post=746"},{"taxonomy":"product_tag","embeddable":true,"href":"https:\/\/store.gamestrategies.io\/es\/wp-json\/wp\/v2\/product_tag?post=746"}],"curies":[{"name":"wp","href":"https:\/\/api.w.org\/{rel}","templated":true}]}}