{"id":739,"date":"2026-03-03T08:28:22","date_gmt":"2026-03-03T07:28:22","guid":{"rendered":"https:\/\/store.gamestrategies.io\/home\/"},"modified":"2026-03-24T08:38:52","modified_gmt":"2026-03-24T07:38:52","slug":"home","status":"publish","type":"page","link":"https:\/\/store.gamestrategies.io\/fr\/","title":{"rendered":"Accueil"},"content":{"rendered":"\t\t<div data-elementor-type=\"wp-post\" data-elementor-id=\"739\" class=\"elementor elementor-739 elementor-7\" data-elementor-post-type=\"page\">\n\t\t\t\t<div class=\"elementor-element elementor-element-1cb3d33 e-con-full e-flex e-con e-parent\" data-id=\"1cb3d33\" data-element_type=\"container\" data-e-type=\"container\" data-settings=\"{&quot;background_background&quot;:&quot;classic&quot;}\">\n\t\t<div class=\"elementor-element elementor-element-27b4c58 e-flex e-con-boxed e-con e-child\" data-id=\"27b4c58\" data-element_type=\"container\" data-e-type=\"container\">\n\t\t\t\t\t<div class=\"e-con-inner\">\n\t\t<div class=\"elementor-element elementor-element-5bed26c e-con-full e-flex e-con e-child\" data-id=\"5bed26c\" data-element_type=\"container\" data-e-type=\"container\">\n\t\t\t\t<div class=\"elementor-element elementor-element-162e210 elementor-widget elementor-widget-heading\" data-id=\"162e210\" data-element_type=\"widget\" data-e-type=\"widget\" data-widget_type=\"heading.default\">\n\t\t\t\t\t<h2 class=\"elementor-heading-title elementor-size-default\">Arr\u00eatez d'\u00e9tudier la th\u00e9orie. <br>Commencez \u00e0 prendre des d\u00e9cisions.<\/h2>\t\t\t\t<\/div>\n\t\t\t\t<div class=\"elementor-element elementor-element-85dbce5 elementor-widget elementor-widget-text-editor\" data-id=\"85dbce5\" data-element_type=\"widget\" data-e-type=\"widget\" data-widget_type=\"text-editor.default\">\n\t\t\t\t\t\t\t\t\t<div class=\"zpelem-col zpcol-12 zpcol-md-6 zpcol-sm-12 zpalign-self- zpdefault-section zpdefault-section-bg \" data-element-id=\"elm_wcsgUeXf8oYAI5aFljfCqA\" data-element-type=\"column\"><div class=\"zpelement zpelem-text \" data-element-id=\"elm_WSU2kkt4PNrCuk_QKBtNeQ\" data-element-type=\"text\"><div class=\"zptext zptext-align-left \" data-editor=\"true\"><div><div>Transformez vos comp\u00e9tences avec la plateforme d&rsquo;apprentissage par le jeu la plus prim\u00e9e au monde. Dites adieu aux PDF ennuyeux et apprenez en jouant dans des simulateurs d&rsquo;entreprise r\u00e9alistes.<\/div><\/div><\/div><\/div><\/div>\t\t\t\t\t\t\t\t<\/div>\n\t\t\t\t<div class=\"elementor-element elementor-element-5d7bad4 elementor-widget elementor-widget-button\" data-id=\"5d7bad4\" data-element_type=\"widget\" data-e-type=\"widget\" data-widget_type=\"button.default\">\n\t\t\t\t\t\t\t\t\t\t<a class=\"elementor-button elementor-button-link elementor-size-sm\" href=\"#\">\n\t\t\t\t\t\t<span class=\"elementor-button-content-wrapper\">\n\t\t\t\t\t\t\t\t\t<span class=\"elementor-button-text\">Explorer le catalogue<\/span>\n\t\t\t\t\t<\/span>\n\t\t\t\t\t<\/a>\n\t\t\t\t\t\t\t\t<\/div>\n\t\t\t\t<\/div>\n\t\t\t\t\t<\/div>\n\t\t\t\t<\/div>\n\t\t\t\t<\/div>\n\t\t<div class=\"elementor-element elementor-element-af9261c e-flex e-con-boxed e-con e-parent\" data-id=\"af9261c\" data-element_type=\"container\" data-e-type=\"container\">\n\t\t\t\t\t<div class=\"e-con-inner\">\n\t\t\t\t<div class=\"elementor-element elementor-element-6a8c6b5 elementor-widget elementor-widget-heading\" data-id=\"6a8c6b5\" data-element_type=\"widget\" data-e-type=\"widget\" data-widget_type=\"heading.default\">\n\t\t\t\t\t<h2 class=\"elementor-heading-title elementor-size-default\">Un abonnement. <br> Des possibilit\u00e9s infinies.\n<\/h2>\t\t\t\t<\/div>\n\t\t\t\t<div class=\"elementor-element elementor-element-5389079 elementor-widget elementor-widget-text-editor\" data-id=\"5389079\" data-element_type=\"widget\" data-e-type=\"widget\" data-widget_type=\"text-editor.default\">\n\t\t\t\t\t\t\t\t\t<div class=\"zpelem-col zpcol-12 zpcol-md-6 zpcol-sm-12 zpalign-self- zpdefault-section zpdefault-section-bg \" data-element-id=\"elm_wcsgUeXf8oYAI5aFljfCqA\" data-element-type=\"column\"><div class=\"zpelement zpelem-text \" data-element-id=\"elm_WSU2kkt4PNrCuk_QKBtNeQ\" data-element-type=\"text\"><div class=\"zptext zptext-align-left \" data-editor=\"true\"><div><div>Transformez vos comp\u00e9tences avec la plateforme d&rsquo;apprentissage par le jeu la plus prim\u00e9e au monde. Dites adieu aux PDF ennuyeux et apprenez en jouant dans des simulateurs d&rsquo;entreprise r\u00e9alistes.<\/div><\/div><\/div><\/div><\/div>\t\t\t\t\t\t\t\t<\/div>\n\t\t\t\t<div class=\"elementor-element elementor-element-f6ed50d hfe-content-align-center elementor-widget__width-initial elementor-widget elementor-widget-hfe-woo-product-grid\" data-id=\"f6ed50d\" data-element_type=\"widget\" data-e-type=\"widget\" data-settings=\"{&quot;columns&quot;:&quot;1&quot;,&quot;content_alignment&quot;:&quot;center&quot;,&quot;columns_tablet&quot;:&quot;3&quot;,&quot;columns_mobile&quot;:&quot;1&quot;}\" data-widget_type=\"hfe-woo-product-grid.default\">\n\t\t\t\t<div class=\"elementor-widget-container\">\n\t\t\t\t\t\t\t<div class=\"hfe-woo-products-wrapper\">\n\t\t\t<div class=\"hfe-woo-products-grid\">\n\t\t\t\t\t\t<div class=\"hfe-product-item\">\n\t\t\t\t\t\t\t<div class=\"hfe-product-image\">\n\t\t\t\t\t<a href=\"https:\/\/store.gamestrategies.io\/fr\/producto\/serious-games-catalog-admin\/\">\n\t\t\t\t\t\t<img fetchpriority=\"high\" decoding=\"async\" width=\"600\" height=\"421\" src=\"https:\/\/store.gamestrategies.io\/wp-content\/uploads\/2026\/03\/campus-img-600x421.png\" class=\"attachment-woocommerce_single size-woocommerce_single\" alt=\"Serious Games Catalog + Admin\" \/>\t\t\t\t\t<\/a>\n\t\t\t\t<\/div>\n\t\t\t\n\t\t\t<div class=\"hfe-product-content\">\n\t\t\t\t\n\t\t\t\t\t\t\t\t\t<div class=\"hfe-product-title\">\n\t\t\t\t\t\t<a href=\"https:\/\/store.gamestrategies.io\/fr\/producto\/serious-games-catalog-admin\/\" class=\"hfe-loop-product__link\">\n\t\t\t\t\t\t\t<h2 class=\"woocommerce-loop-product__title\">Serious Games Catalog + Admin<\/h2>\t\t\t\t\t\t<\/a>\n\t\t\t\t\t<\/div>\n\t\t\t\t\n\t\t\t\t\t\t\t\t\t<div class=\"hfe-product-rating\">\n\t\t\t\t\t\t\t\t\t\t\t<\/div>\n\t\t\t\t\n\t\t\t\t\t\t\t\t\t<div class=\"hfe-product-price\">\n\t\t\t\t\t\t\n\t<span class=\"price\"><span class=\"woocommerce-Price-amount amount\"><bdi>299,00&nbsp;<span class=\"woocommerce-Price-currencySymbol\">&euro;<\/span><\/bdi><\/span><\/span>\n\t\t\t\t\t<\/div>\n\t\t\t\t\n\t\t\t\t\n\t\t\t\t\t\t\t\t\t<div class=\"hfe-product-add-to-cart\">\n\t\t\t\t\t\t<a href=\"\/fr\/wp-json\/wp\/v2\/pages\/739?add-to-cart=743\" aria-describedby=\"woocommerce_loop_add_to_cart_link_describedby_743\" data-quantity=\"1\" class=\"button product_type_simple add_to_cart_button ajax_add_to_cart\" data-product_id=\"743\" data-product_sku=\"\" aria-label=\"Ajouter au panier\u00a0: &ldquo;Serious Games Catalog + Admin&rdquo;\" rel=\"nofollow\" data-success_message=\"\u00ab\u00a0Serious Games Catalog + Admin\u00a0\u00bb a \u00e9t\u00e9 ajout\u00e9 \u00e0 votre panier\" role=\"button\">Ajouter au panier<\/a>\t<span id=\"woocommerce_loop_add_to_cart_link_describedby_743\" class=\"screen-reader-text\">\n\t\t\t<\/span>\n\t\t\t\t\t<\/div>\n\t\t\t\t\t\t\t<\/div>\n\t\t<\/div>\n\t\t\t\t\t<\/div>\n\t\t<\/div>\n\t\t\t\t\t\t<\/div>\n\t\t\t\t<\/div>\n\t\t\t\t\t<\/div>\n\t\t\t\t<\/div>\n\t\t<div class=\"elementor-element elementor-element-c31b641 e-flex e-con-boxed e-con e-parent\" data-id=\"c31b641\" data-element_type=\"container\" data-e-type=\"container\">\n\t\t\t\t\t<div class=\"e-con-inner\">\n\t\t\t\t<div class=\"elementor-element elementor-element-94be8d0 elementor-widget elementor-widget-video\" data-id=\"94be8d0\" data-element_type=\"widget\" data-e-type=\"widget\" data-settings=\"{&quot;video_type&quot;:&quot;vimeo&quot;}\" data-widget_type=\"video.default\">\n\t\t\t\t\t\t\t<div class=\"elementor-wrapper elementor-open-inline\">\n\t\t\t<iframe class=\"elementor-video-iframe\" allowfullscreen allow=\"clipboard-write\" title=\"Lecteur vid\u00e9o vimeo\" src=\"https:\/\/player.vimeo.com\/video\/540540609?color&amp;autopause=0&amp;loop=0&amp;muted=0&amp;title=0&amp;portrait=0&amp;byline=0#t=\"><\/iframe>\t\t<\/div>\n\t\t\t\t\t\t<\/div>\n\t\t\t\t\t<\/div>\n\t\t\t\t<\/div>\n\t\t\t\t<\/div>\n\t\t","protected":false},"excerpt":{"rendered":"<p>Arr\u00eatez d&rsquo;\u00e9tudier la th\u00e9orie. Commencez \u00e0 prendre des d\u00e9cisions. Transformez vos comp\u00e9tences avec la plateforme d&rsquo;apprentissage par le jeu la plus prim\u00e9e au monde. Dites adieu aux PDF ennuyeux et apprenez en jouant dans des simulateurs d&rsquo;entreprise r\u00e9alistes. Explorer le catalogue Un abonnement. Des possibilit\u00e9s infinies. Transformez vos comp\u00e9tences avec la plateforme d&rsquo;apprentissage par le [&hellip;]<\/p>\n","protected":false},"author":1,"featured_media":0,"parent":0,"menu_order":0,"comment_status":"closed","ping_status":"closed","template":"","meta":{"footnotes":""},"class_list":["post-739","page","type-page","status-publish","hentry"],"_links":{"self":[{"href":"https:\/\/store.gamestrategies.io\/fr\/wp-json\/wp\/v2\/pages\/739","targetHints":{"allow":["GET"]}}],"collection":[{"href":"https:\/\/store.gamestrategies.io\/fr\/wp-json\/wp\/v2\/pages"}],"about":[{"href":"https:\/\/store.gamestrategies.io\/fr\/wp-json\/wp\/v2\/types\/page"}],"author":[{"embeddable":true,"href":"https:\/\/store.gamestrategies.io\/fr\/wp-json\/wp\/v2\/users\/1"}],"replies":[{"embeddable":true,"href":"https:\/\/store.gamestrategies.io\/fr\/wp-json\/wp\/v2\/comments?post=739"}],"version-history":[{"count":2,"href":"https:\/\/store.gamestrategies.io\/fr\/wp-json\/wp\/v2\/pages\/739\/revisions"}],"predecessor-version":[{"id":757,"href":"https:\/\/store.gamestrategies.io\/fr\/wp-json\/wp\/v2\/pages\/739\/revisions\/757"}],"wp:attachment":[{"href":"https:\/\/store.gamestrategies.io\/fr\/wp-json\/wp\/v2\/media?parent=739"}],"curies":[{"name":"wp","href":"https:\/\/api.w.org\/{rel}","templated":true}]}}