{"id":743,"date":"2026-03-02T19:54:45","date_gmt":"2026-03-02T18:54:45","guid":{"rendered":"https:\/\/store.gamestrategies.io\/producto\/serious-games-catalog-admin\/"},"modified":"2026-03-24T09:03:24","modified_gmt":"2026-03-24T08:03:24","slug":"serious-games-catalog-admin","status":"publish","type":"product","link":"https:\/\/store.gamestrategies.io\/fr\/producto\/serious-games-catalog-admin\/","title":{"rendered":"Serious Games Catalog + Admin"},"content":{"rendered":"<p>Impulser vos comp\u00e9tences avec la plateforme de game-based learning la plus prim\u00e9e au monde. Transformez la formation de votre \u00e9quipe \u2014 ou votre propre d\u00e9veloppement professionnel \u2014 avec Campus. Con\u00e7u pour les PME et les travailleurs ind\u00e9pendants, cet abonnement annuel vous offre un acc\u00e8s plug-and-play \u00e0 plus de <strong>65 serious games immersifs<\/strong>. Dites adieu aux PDF ennuyeux et bonjour aux simulateurs interactifs o\u00f9 vous apprenez en prenant des d\u00e9cisions inspir\u00e9es de situations r\u00e9elles.<\/p>\n<p>Vous \u00eates freelance ? \u00c0 la fin de chaque cours, vous recevrez un certificat officiel que vous pourrez facilement ajouter \u00e0 votre profil LinkedIn afin de mettre en valeur vos nouvelles comp\u00e9tences aupr\u00e8s de vos clients et partenaires.<\/p>\n<p>Ce que comprend votre abonnement d\u2019un an :<br \/>\n\u2022 Acc\u00e8s complet : <strong>Acc\u00e8s illimit\u00e9 \u00e0<\/strong> l\u2019int\u00e9gralit\u00e9 du catalogue de jeux vid\u00e9o de formation pendant 12 mois.<br \/>\n\u2022 Tableau de bord admin : <strong>G\u00e9rez facilement les utilisateurs<\/strong>, assignez les cours et suivez la progression en temps r\u00e9el (id\u00e9al pour les managers d\u2019\u00e9quipe).<br \/>\n\u2022 Support : <strong>Support direct<\/strong> par ticket inclus.<br \/>\n\u2022 Bonus pour les \u00e9quipes : 1 session d\u2019onboarding incluse pour tout achat de 30 licences ou plus.<br \/>\n\u2022 Option suppl\u00e9mentaire : Customer Success Support (20 \u20ac\/licence\/mois pendant 12 mois, minimum 30 licences) pour vous aider \u00e0 concevoir des parcours de formation personnalis\u00e9s.<\/p>\n<p>Comp\u00e9tences que vous allez ma\u00eetriser (extraits de notre catalogue) :<br \/>\nPlut\u00f4t que de simplement lire de la th\u00e9orie, vous pratiquerez dans des environnements virtuels s\u00fbrs. Notre catalogue couvre les domaines essentiels du business :<br \/>\n\u2022 <strong>Leadership essentiel et management d\u2019\u00e9quipe<\/strong>\u2028: Pacific (Leadership &amp; Team Management), Stellar (Remote leadership), Sahara (Effective task delegation), Titan (Team motivation), Aqua (Feedback), Echo (Coaching).<br \/>\n\u2022 <strong>Productivit\u00e9 et m\u00e9thodes agiles<\/strong>\u2028: Triskelion (Productivity and Time Management), Agile (Agile philosophy), Scrum (Scrum framework), Silver (Goal setting), Tiki (Effective meetings).<br \/>\n\u2022 <strong>Ventes, influence et networking<\/strong>\u2028: Merchants (Negotiation and deal closing), Lumi\u00e8re 1, 2 &amp; 3 (Sales prospecting &amp; Social Media), Chocolate (Influence and persuasion), Link 1\u20134 (Networking &amp; Personal branding), 2100 (Customer service).<br \/>\n\u2022 <strong>Communication et travail d\u2019\u00e9quipe<\/strong> :\u2028Babel (Interpersonal Communication), Shaka (Active listening), Kaos (Conflict resolution), Exit (Teamwork), Elections 1, 2 &amp; 3 (Public speaking &amp; Presentations).<br \/>\n\u2022 <strong>Sant\u00e9, bien-\u00eatre et intelligence \u00e9motionnelle<\/strong>\u2028: Dex (Emotional intelligence), Chai (Stress management), Happy (The keys to happiness), Larus (Healthy lifestyle), Lotus (Resilience).<br \/>\n\u2022 <strong>Culture, conformit\u00e9 et IA<\/strong>\u2028: Terra 1 &amp; 2 (Sustainability and SDGs), Plural (Diversity), Crypt0 (Cybersecurity), The Office (Occupational Risk Prevention), Innowear (Artificial Intelligence).<\/p>\n<p>Informations cl\u00e9s :<br \/>\n\u2022 <strong>Dur\u00e9e<\/strong> : plus de <strong>90 heures<\/strong> de contenu de formation interactif.<br \/>\n\u2022 <strong>Format<\/strong> : <strong>100% en ligne<\/strong>, multi\u2011device (PC, tablette, mobile) et sans installation requise.<br \/>\n\u2022 <strong>Langues<\/strong> : anglais, fran\u00e7ais et espagnol (certains cours proposent des langues suppl\u00e9mentaires)<\/p>\n","protected":false},"excerpt":{"rendered":"<p>Impulser vos comp\u00e9tences avec la plateforme de game-based learning la plus prim\u00e9e au monde. Transformez la formation de votre \u00e9quipe \u2014 ou votre propre d\u00e9veloppement professionnel \u2014 avec Campus. Con\u00e7u pour les PME et les travailleurs ind\u00e9pendants, cet abonnement annuel vous offre un acc\u00e8s plug-and-play \u00e0 plus de <strong>65 serious games immersifs<\/strong>. Dites adieu aux PDF ennuyeux et bonjour aux simulateurs interactifs o\u00f9 vous apprenez en prenant des d\u00e9cisions inspir\u00e9es de situations r\u00e9elles.<\/p>\n<p>Informations cl\u00e9s :<br \/>\n\u2022 <strong>Dur\u00e9e<\/strong> : plus de <strong>90 heures<\/strong> de contenu de formation interactif.<br \/>\n\u2022 <strong>Format<\/strong> : <strong>100% en ligne<\/strong>, multi\u2011device (PC, tablette, mobile) et sans installation requise.<br \/>\n\u2022 <strong>Langues<\/strong> : anglais, fran\u00e7ais et espagnol (certains cours proposent des langues suppl\u00e9mentaires)<\/p>\n","protected":false},"featured_media":745,"comment_status":"open","ping_status":"closed","template":"","meta":[],"product_brand":[],"product_cat":[36],"product_tag":[],"class_list":{"0":"post-743","1":"product","2":"type-product","3":"status-publish","4":"has-post-thumbnail","6":"product_cat-solution","8":"first","9":"instock","10":"virtual","11":"taxable","12":"purchasable","13":"product-type-simple"},"_links":{"self":[{"href":"https:\/\/store.gamestrategies.io\/fr\/wp-json\/wp\/v2\/product\/743","targetHints":{"allow":["GET"]}}],"collection":[{"href":"https:\/\/store.gamestrategies.io\/fr\/wp-json\/wp\/v2\/product"}],"about":[{"href":"https:\/\/store.gamestrategies.io\/fr\/wp-json\/wp\/v2\/types\/product"}],"replies":[{"embeddable":true,"href":"https:\/\/store.gamestrategies.io\/fr\/wp-json\/wp\/v2\/comments?post=743"}],"wp:featuredmedia":[{"embeddable":true,"href":"https:\/\/store.gamestrategies.io\/fr\/wp-json\/wp\/v2\/media\/745"}],"wp:attachment":[{"href":"https:\/\/store.gamestrategies.io\/fr\/wp-json\/wp\/v2\/media?parent=743"}],"wp:term":[{"taxonomy":"product_brand","embeddable":true,"href":"https:\/\/store.gamestrategies.io\/fr\/wp-json\/wp\/v2\/product_brand?post=743"},{"taxonomy":"product_cat","embeddable":true,"href":"https:\/\/store.gamestrategies.io\/fr\/wp-json\/wp\/v2\/product_cat?post=743"},{"taxonomy":"product_tag","embeddable":true,"href":"https:\/\/store.gamestrategies.io\/fr\/wp-json\/wp\/v2\/product_tag?post=743"}],"curies":[{"name":"wp","href":"https:\/\/api.w.org\/{rel}","templated":true}]}}